{"id":28323,"date":"2025-11-26T11:41:36","date_gmt":"2025-11-26T09:41:36","guid":{"rendered":"https:\/\/alfawood.gr\/?post_type=product&#038;p=28323"},"modified":"2025-11-28T10:40:26","modified_gmt":"2025-11-28T08:40:26","slug":"1891-smoke-oak-synchro","status":"publish","type":"product","link":"https:\/\/alfawood.gr\/sq\/product\/1891-smoke-oak-synchro\/","title":{"rendered":"1891 Lisi i tymosur \u2013 Sinkronizim"},"content":{"rendered":"<div data-elementor-type=\"wp-post\" data-elementor-id=\"28319\" class=\"elementor elementor-28319\" data-elementor-post-type=\"cms_block\">\n\t\t\t\t\t\t<section class=\"wd-negative-gap elementor-section elementor-top-section elementor-element elementor-element-7f508be3 elementor-section-boxed elementor-section-height-default elementor-section-height-default\" data-id=\"7f508be3\" data-element_type=\"section\" data-e-type=\"section\">\n\t\t\t\t\t\t<div class=\"elementor-container elementor-column-gap-default\">\n\t\t\t\t\t<div class=\"elementor-column elementor-col-100 elementor-top-column elementor-element elementor-element-6923cdb1\" data-id=\"6923cdb1\" data-element_type=\"column\" data-e-type=\"column\">\n\t\t\t<div class=\"elementor-widget-wrap elementor-element-populated\">\n\t\t\t\t\t\t<div class=\"elementor-element elementor-element-26219d23 color-scheme-inherit text-left elementor-widget elementor-widget-text-editor\" data-id=\"26219d23\" data-element_type=\"widget\" data-e-type=\"widget\" data-widget_type=\"text-editor.default\">\n\t\t\t\t<div class=\"elementor-widget-container\">\n\t\t\t\t\t\t\t\t\t\n<p>P\u00ebrvoja e re <a href=\"\/sq\/laminate-dapeda\" target=\"_blank\" rel=\"noopener\"><strong>Laminat<\/strong><\/a> nga Alfa Wood Group<\/p>\n\n<p>T\u00eb <strong>Silva<\/strong><strong> Esenc\u00eb<\/strong><strong> \u2013 Sinkronizim<\/strong> nga Alfa Wood Group \u00ebsht\u00eb seria e re premium e dyshemeve laminate t\u00eb prodhuara n\u00eb Greqi, e projektuar p\u00ebr ata q\u00eb k\u00ebrkojn\u00eb p\u00ebrvoj\u00ebn p\u00ebrfundimtare t\u00eb natyralitetit, estetik\u00ebs s\u00eb lart\u00eb dhe p\u00ebrsosm\u00ebris\u00eb teknologjike.<\/p>\n\n<p>Seria Silva Essence shfryt\u00ebzon teknologjin\u00eb <strong>EIR<\/strong><strong> (I stampuar<\/strong><strong> n\u00eb<\/strong><strong> Regjistrohu<\/strong><strong>)<\/strong>, n\u00eb t\u00eb cil\u00ebn relievi sip\u00ebrfaq\u00ebsor ndjek me besnik\u00ebri fijet e drurit.<br \/>Kjo krijon nj\u00eb efekt harmonie absolute midis pamjes dhe struktur\u00ebs:<\/p>\n\n<p>\u2714 natyralitet realist<br \/>\u2714 thell\u00ebsi e dukshme dhe e ndjeshme<br \/>\u2714 variacione delikate mat dhe me shk\u00eblqim<br \/>\u2714 Ndjesia autentike e drurit natyral n\u00eb prekje<\/p>\n\n<p>Rezultati p\u00ebrfundimtar \u00ebsht\u00eb nj\u00eb dysheme q\u00eb duket dhe ndihet si dru i v\u00ebrtet\u00eb, me kokrriza natyrale dhe karakter t\u00eb gjall\u00eb n\u00eb \u00e7do d\u00ebrras\u00eb.<\/p>\n\n<p><strong>Lajmi <a href=\"https:\/\/alfawood.gr\/sq\/laminate-dapeda\" target=\"_blank\" rel=\"noopener\">Dysheme laminati <\/a>Silva Essence p\u00ebrb\u00ebhet nga nj\u00eb b\u00ebrtham\u00eb HDF me dend\u00ebsi t\u00eb lart\u00eb dhe nj\u00eb sip\u00ebrfaqe mbrojt\u00ebse e p\u00ebrforcuar, duke ofruar:<\/strong><\/p>\n\n<ul class=\"wp-block-list\">\n<li>rezistenc\u00eb e lart\u00eb ndaj konsumimit<\/li>\n\n<li>stabiliteti dhe jet\u00ebgjat\u00ebsia<\/li>\n\n<li>sjellje ideale n\u00eb hap\u00ebsirat sht\u00ebpiake dhe profesionale<\/li>\n\n<li>leht\u00ebsia e pastrimit dhe mir\u00ebmbajtjes<\/li>\n<\/ul>\n\n<p>Me garancin\u00eb e <strong>Alfa<\/strong><strong> Druri<\/strong><strong> Grupi<\/strong>, ju e dini si t\u00eb zgjidhni nj\u00eb dysheme q\u00eb \u00ebsht\u00eb projektuar p\u00ebr t&#039;i rezistuar koh\u00ebs dhe p\u00ebrdorimit, pa humbur estetik\u00ebn e saj.<\/p>\n<p><strong>P\u00ebrmir\u00ebsoni hap\u00ebsir\u00ebn tuaj tani me dysheme laminati \u2013 Alfa Wood Group dhe p\u00ebrmir\u00ebsoni estetik\u00ebn dhe funksionalitetin e hap\u00ebsir\u00ebs suaj!<\/strong><\/p>\n<p><a href=\"\/files\/catalogs\/ALFAFLOORING-BOOK-GR.pdf\" target=\"_blank\" rel=\"noopener\"><strong>Shkarkoni katalogun<\/strong><\/a><\/p>\n\t\t\t\t\t\t\t\t<\/div>\n\t\t\t\t<\/div>\n\t\t\t\t\t<\/div>\n\t\t<\/div>\n\t\t\t\t\t<\/div>\n\t\t<\/section>\n\t\t\t\t<\/div>","protected":false},"excerpt":{"rendered":"<p>Dyshemeja e laminuar <strong data-start=\"19\" data-end=\"47\">1891 Lisi i Tymosur \u2013 Sinkron<\/strong> \u03b1\u03bd\u03c4\u03bb\u03b5\u03af \u03c4\u03b7\u03bd \u03b1\u03b9\u03c3\u03b8\u03b7\u03c4\u03b9\u03ba\u03ae \u03c4\u03bf\u03c5 \u03b1\u03c0\u03cc \u03c4\u03bf \u03c6\u03c5\u03c3\u03b9\u03ba\u03cc \u03be\u03cd\u03bb\u03bf \u03b4\u03c1\u03c5\u03cc\u03c2, \u03b1\u03c0\u03bf\u03c0\u03bd\u03ad\u03bf\u03bd\u03c4\u03b1\u03c2 \u03b1\u03c5\u03b8\u03b5\u03bd\u03c4\u03b9\u03ba\u03cc\u03c4\u03b7\u03c4\u03b1 \u03ba\u03b1\u03b9 \u03ba\u03bf\u03bc\u03c8\u03cc\u03c4\u03b7\u03c4\u03b1. \u0397 \u03c0\u03b1\u03bb\u03b1\u03b9\u03c9\u03bc\u03ad\u03bd\u03b7, \u03c3\u03ba\u03bf\u03cd\u03c1\u03b1 \u03b1\u03c0\u03cc\u03c7\u03c1\u03c9\u03c3\u03ae \u03c4\u03bf\u03c5 \u03b4\u03b7\u03bc\u03b9\u03bf\u03c5\u03c1\u03b3\u03b5\u03af \u03bc\u03b9\u03b1 \u03b1\u03af\u03c3\u03b8\u03b7\u03c3\u03b7 \u03b6\u03b5\u03c3\u03c4\u03b1\u03c3\u03b9\u03ac\u03c2, \u03b5\u03bd\u03ce \u03bf \u03c3\u03c5\u03bd\u03b4\u03c5\u03b1\u03c3\u03bc\u03cc\u03c2 \u03c4\u03bf\u03c5 \u03bc\u03b5 \u03b1\u03bd\u03bf\u03b9\u03c7\u03c4\u03cc\u03c7\u03c1\u03c9\u03bc\u03bf \u03b3\u03c1\u03b1\u03c6\u03b5\u03af\u03bf \u03b5\u03bd\u03b9\u03c3\u03c7\u03cd\u03b5\u03b9 \u03c4\u03b7 \u03b4\u03b7\u03bc\u03b9\u03bf\u03c5\u03c1\u03b3\u03af\u03b1 \u03bc\u03b9\u03b1\u03c2 \u03b5\u03ba\u03bb\u03b5\u03c0\u03c4\u03c5\u03c3\u03bc\u03ad\u03bd\u03b7\u03c2 \u03ba\u03b1\u03b9 \u03b5\u03c0\u03b1\u03b3\u03b3\u03b5\u03bb\u03bc\u03b1\u03c4\u03b9\u03ba\u03ae\u03c2 \u03b1\u03c4\u03bc\u03cc\u03c3\u03c6\u03b1\u03b9\u03c1\u03b1\u03c2. \u039f\u03b9 \u03b4\u03b9\u03b1\u03ba\u03c1\u03b9\u03c4\u03b9\u03ba\u03bf\u03af \u03b1\u03c1\u03bc\u03bf\u03af \u03c0\u03c1\u03bf\u03c3\u03b8\u03ad\u03c4\u03bf\u03c5\u03bd \u03ad\u03bd\u03b1 \u03c3\u03c4\u03bf\u03b9\u03c7\u03b5\u03af\u03bf \u03b9\u03b4\u03b9\u03b1\u03af\u03c4\u03b5\u03c1\u03b7\u03c2 \u03ba\u03b1\u03bb\u03b1\u03b9\u03c3\u03b8\u03b7\u03c3\u03af\u03b1\u03c2, \u03b1\u03bd\u03b1\u03b2\u03b1\u03b8\u03bc\u03af\u03b6\u03bf\u03bd\u03c4\u03b1\u03c2 \u03c3\u03c5\u03bd\u03bf\u03bb\u03b9\u03ba\u03ac \u03c4\u03b7\u03bd \u03b1\u03b9\u03c3\u03b8\u03b7\u03c4\u03b9\u03ba\u03ae \u03c4\u03bf\u03c5 \u03c7\u03ce\u03c1\u03bf\u03c5.<\/p>","protected":false},"featured_media":28396,"template":"","meta":{"_acf_changed":false,"inline_featured_image":false,"cybocfi_hide_featured_image":""},"product_brand":[],"product_cat":[89,878,88,180],"product_tag":[],"class_list":{"0":"post-28323","1":"product","2":"type-product","3":"status-publish","4":"has-post-thumbnail","6":"product_cat-laminate","7":"product_cat-silva-essence-ac5-8mm-synchro","8":"product_cat-dapeda","9":"product_cat-esoterikou-xorou","11":"first","12":"instock","13":"product-type-simple"},"acf":[],"yoast_head":"<!-- This site is optimized with the Yoast SEO Premium plugin v27.3 (Yoast SEO v27.3) - https:\/\/yoast.com\/product\/yoast-seo-premium-wordpress\/ -->\n<title>1891 Smoke Oak - Synchro - \u0395\u03c0\u03b9\u03c6\u03ac\u03bd\u03b5\u03b9\u03b5\u03c2 \u039c\u03b5\u03bb\u03b1\u03bc\u03af\u03bd\u03b7\u03c2 MDF \u039c\u03bf\u03c1\u03b9\u03bf\u03c3\u03b1\u03bd\u03af\u03b4\u03b1 \u03a0\u03ac\u03b3\u03ba\u03bf\u03b9 \u0394\u03ac\u03c0\u03b5\u03b4\u03b1 \u03a0\u03cc\u03c1\u03c4\u03b5\u03c2<\/title>\n<meta name=\"robots\" content=\"index, follow, max-snippet:-1, max-image-preview:large, max-video-preview:-1\" \/>\n<link rel=\"canonical\" href=\"https:\/\/alfawood.gr\/sq\/produkt\/1891-smoke-oak-synchro\" \/>\n<meta property=\"og:locale\" content=\"sq_AL\" \/>\n<meta property=\"og:type\" content=\"article\" \/>\n<meta property=\"og:title\" content=\"1891 Smoke Oak - Synchro\" \/>\n<meta property=\"og:description\" content=\"\u03a4\u03bf \u03b4\u03ac\u03c0\u03b5\u03b4\u03bf laminate 1891 Smoke Oak \u2013 Synchro \u03b1\u03bd\u03c4\u03bb\u03b5\u03af \u03c4\u03b7\u03bd \u03b1\u03b9\u03c3\u03b8\u03b7\u03c4\u03b9\u03ba\u03ae \u03c4\u03bf\u03c5 \u03b1\u03c0\u03cc \u03c4\u03bf \u03c6\u03c5\u03c3\u03b9\u03ba\u03cc \u03be\u03cd\u03bb\u03bf \u03b4\u03c1\u03c5\u03cc\u03c2, \u03b1\u03c0\u03bf\u03c0\u03bd\u03ad\u03bf\u03bd\u03c4\u03b1\u03c2 \u03b1\u03c5\u03b8\u03b5\u03bd\u03c4\u03b9\u03ba\u03cc\u03c4\u03b7\u03c4\u03b1 \u03ba\u03b1\u03b9 \u03ba\u03bf\u03bc\u03c8\u03cc\u03c4\u03b7\u03c4\u03b1. \u0397 \u03c0\u03b1\u03bb\u03b1\u03b9\u03c9\u03bc\u03ad\u03bd\u03b7, \u03c3\u03ba\u03bf\u03cd\u03c1\u03b1 \u03b1\u03c0\u03cc\u03c7\u03c1\u03c9\u03c3\u03ae \u03c4\u03bf\u03c5 \u03b4\u03b7\u03bc\u03b9\u03bf\u03c5\u03c1\u03b3\u03b5\u03af \u03bc\u03b9\u03b1 \u03b1\u03af\u03c3\u03b8\u03b7\u03c3\u03b7 \u03b6\u03b5\u03c3\u03c4\u03b1\u03c3\u03b9\u03ac\u03c2, \u03b5\u03bd\u03ce \u03bf \u03c3\u03c5\u03bd\u03b4\u03c5\u03b1\u03c3\u03bc\u03cc\u03c2 \u03c4\u03bf\u03c5 \u03bc\u03b5 \u03b1\u03bd\u03bf\u03b9\u03c7\u03c4\u03cc\u03c7\u03c1\u03c9\u03bc\u03bf \u03b3\u03c1\u03b1\u03c6\u03b5\u03af\u03bf \u03b5\u03bd\u03b9\u03c3\u03c7\u03cd\u03b5\u03b9 \u03c4\u03b7 \u03b4\u03b7\u03bc\u03b9\u03bf\u03c5\u03c1\u03b3\u03af\u03b1 \u03bc\u03b9\u03b1\u03c2 \u03b5\u03ba\u03bb\u03b5\u03c0\u03c4\u03c5\u03c3\u03bc\u03ad\u03bd\u03b7\u03c2 \u03ba\u03b1\u03b9 \u03b5\u03c0\u03b1\u03b3\u03b3\u03b5\u03bb\u03bc\u03b1\u03c4\u03b9\u03ba\u03ae\u03c2 \u03b1\u03c4\u03bc\u03cc\u03c3\u03c6\u03b1\u03b9\u03c1\u03b1\u03c2. \u039f\u03b9 \u03b4\u03b9\u03b1\u03ba\u03c1\u03b9\u03c4\u03b9\u03ba\u03bf\u03af \u03b1\u03c1\u03bc\u03bf\u03af \u03c0\u03c1\u03bf\u03c3\u03b8\u03ad\u03c4\u03bf\u03c5\u03bd \u03ad\u03bd\u03b1 \u03c3\u03c4\u03bf\u03b9\u03c7\u03b5\u03af\u03bf \u03b9\u03b4\u03b9\u03b1\u03af\u03c4\u03b5\u03c1\u03b7\u03c2 \u03ba\u03b1\u03bb\u03b1\u03b9\u03c3\u03b8\u03b7\u03c3\u03af\u03b1\u03c2, \u03b1\u03bd\u03b1\u03b2\u03b1\u03b8\u03bc\u03af\u03b6\u03bf\u03bd\u03c4\u03b1\u03c2 \u03c3\u03c5\u03bd\u03bf\u03bb\u03b9\u03ba\u03ac \u03c4\u03b7\u03bd \u03b1\u03b9\u03c3\u03b8\u03b7\u03c4\u03b9\u03ba\u03ae \u03c4\u03bf\u03c5 \u03c7\u03ce\u03c1\u03bf\u03c5.\" \/>\n<meta property=\"og:url\" content=\"https:\/\/alfawood.gr\/sq\/produkt\/1891-smoke-oak-synchro\" \/>\n<meta property=\"og:site_name\" content=\"\u0395\u03c0\u03b9\u03c6\u03ac\u03bd\u03b5\u03b9\u03b5\u03c2 \u039c\u03b5\u03bb\u03b1\u03bc\u03af\u03bd\u03b7\u03c2 MDF \u039c\u03bf\u03c1\u03b9\u03bf\u03c3\u03b1\u03bd\u03af\u03b4\u03b1 \u03a0\u03ac\u03b3\u03ba\u03bf\u03b9 \u0394\u03ac\u03c0\u03b5\u03b4\u03b1 \u03a0\u03cc\u03c1\u03c4\u03b5\u03c2\" \/>\n<meta property=\"article:publisher\" content=\"https:\/\/www.facebook.com\/alfawood.group\" \/>\n<meta property=\"article:modified_time\" content=\"2025-11-28T08:40:26+00:00\" \/>\n<meta property=\"og:image\" content=\"https:\/\/alfawood.gr\/wp-content\/uploads\/2025\/11\/1891-SYNCHRO-LAMINATE.jpg\" \/>\n\t<meta property=\"og:image:width\" content=\"874\" \/>\n\t<meta property=\"og:image:height\" content=\"1200\" \/>\n\t<meta property=\"og:image:type\" content=\"image\/jpeg\" \/>\n<meta name=\"twitter:card\" content=\"summary_large_image\" \/>\n<meta name=\"twitter:site\" content=\"@ALFAWOODGROUP\" \/>\n<meta name=\"twitter:label1\" content=\"Est. reading time\" \/>\n\t<meta name=\"twitter:data1\" content=\"1 minut\u00eb\" \/>\n<script type=\"application\/ld+json\" class=\"yoast-schema-graph\">{\"@context\":\"https:\\\/\\\/schema.org\",\"@graph\":[{\"@type\":\"WebPage\",\"@id\":\"https:\\\/\\\/alfawood.gr\\\/product\\\/1891-smoke-oak-synchro\\\/\",\"url\":\"https:\\\/\\\/alfawood.gr\\\/product\\\/1891-smoke-oak-synchro\\\/\",\"name\":\"1891 Smoke Oak - Synchro - \u0395\u03c0\u03b9\u03c6\u03ac\u03bd\u03b5\u03b9\u03b5\u03c2 \u039c\u03b5\u03bb\u03b1\u03bc\u03af\u03bd\u03b7\u03c2 MDF \u039c\u03bf\u03c1\u03b9\u03bf\u03c3\u03b1\u03bd\u03af\u03b4\u03b1 \u03a0\u03ac\u03b3\u03ba\u03bf\u03b9 \u0394\u03ac\u03c0\u03b5\u03b4\u03b1 \u03a0\u03cc\u03c1\u03c4\u03b5\u03c2\",\"isPartOf\":{\"@id\":\"https:\\\/\\\/alfawood.gr\\\/#website\"},\"primaryImageOfPage\":{\"@id\":\"https:\\\/\\\/alfawood.gr\\\/product\\\/1891-smoke-oak-synchro\\\/#primaryimage\"},\"image\":{\"@id\":\"https:\\\/\\\/alfawood.gr\\\/product\\\/1891-smoke-oak-synchro\\\/#primaryimage\"},\"thumbnailUrl\":\"https:\\\/\\\/alfawood.gr\\\/wp-content\\\/uploads\\\/2025\\\/11\\\/1891-SYNCHRO-LAMINATE.jpg\",\"datePublished\":\"2025-11-26T09:41:36+00:00\",\"dateModified\":\"2025-11-28T08:40:26+00:00\",\"breadcrumb\":{\"@id\":\"https:\\\/\\\/alfawood.gr\\\/product\\\/1891-smoke-oak-synchro\\\/#breadcrumb\"},\"inLanguage\":\"sq\",\"potentialAction\":[{\"@type\":\"ReadAction\",\"target\":[\"https:\\\/\\\/alfawood.gr\\\/product\\\/1891-smoke-oak-synchro\\\/\"]}]},{\"@type\":\"ImageObject\",\"inLanguage\":\"sq\",\"@id\":\"https:\\\/\\\/alfawood.gr\\\/product\\\/1891-smoke-oak-synchro\\\/#primaryimage\",\"url\":\"https:\\\/\\\/alfawood.gr\\\/wp-content\\\/uploads\\\/2025\\\/11\\\/1891-SYNCHRO-LAMINATE.jpg\",\"contentUrl\":\"https:\\\/\\\/alfawood.gr\\\/wp-content\\\/uploads\\\/2025\\\/11\\\/1891-SYNCHRO-LAMINATE.jpg\",\"width\":874,\"height\":1200},{\"@type\":\"BreadcrumbList\",\"@id\":\"https:\\\/\\\/alfawood.gr\\\/product\\\/1891-smoke-oak-synchro\\\/#breadcrumb\",\"itemListElement\":[{\"@type\":\"ListItem\",\"position\":1,\"name\":\"Home\",\"item\":\"https:\\\/\\\/alfawood.gr\\\/\"},{\"@type\":\"ListItem\",\"position\":2,\"name\":\"\u03a0\u03c1\u03bf\u03ca\u03cc\u03bd\u03c4\u03b1\",\"item\":\"https:\\\/\\\/alfawood.gr\\\/proionta-wood\\\/\"},{\"@type\":\"ListItem\",\"position\":3,\"name\":\"\u0394\u03ac\u03c0\u03b5\u03b4\u03b1 - Alfa Flooring\",\"item\":\"https:\\\/\\\/alfawood.gr\\\/category\\\/dapeda\\\/\"},{\"@type\":\"ListItem\",\"position\":4,\"name\":\"\u0394\u03ac\u03c0\u03b5\u03b4\u03b1 \u0395\u03c3\u03c9\u03c4\u03b5\u03c1\u03b9\u03ba\u03bf\u03cd \u03c7\u03ce\u03c1\u03bf\u03c5\",\"item\":\"https:\\\/\\\/alfawood.gr\\\/en\\\/category\\\/dapeda\\\/esoterikou-xorou\\\/\"},{\"@type\":\"ListItem\",\"position\":5,\"name\":\"Laminate\",\"item\":\"https:\\\/\\\/alfawood.gr\\\/en\\\/category\\\/dapeda\\\/esoterikou-xorou\\\/laminate\\\/\"},{\"@type\":\"ListItem\",\"position\":6,\"name\":\"Silva Essence AC5 8mm-Synchro\",\"item\":\"https:\\\/\\\/alfawood.gr\\\/category\\\/dapeda\\\/esoterikou-xorou\\\/laminate\\\/silva-essence-ac5-8mm-synchro\\\/\"},{\"@type\":\"ListItem\",\"position\":7,\"name\":\"1891 Smoke Oak &#8211; Synchro\"}]},{\"@type\":\"WebSite\",\"@id\":\"https:\\\/\\\/alfawood.gr\\\/#website\",\"url\":\"https:\\\/\\\/alfawood.gr\\\/\",\"name\":\"\u0395\u03c0\u03b9\u03c6\u03ac\u03bd\u03b5\u03b9\u03b5\u03c2 \u039c\u03b5\u03bb\u03b1\u03bc\u03af\u03bd\u03b7\u03c2 MDF \u039c\u03bf\u03c1\u03b9\u03bf\u03c3\u03b1\u03bd\u03af\u03b4\u03b1 \u03a0\u03ac\u03b3\u03ba\u03bf\u03b9 \u0394\u03ac\u03c0\u03b5\u03b4\u03b1 \u03a0\u03cc\u03c1\u03c4\u03b5\u03c2\",\"description\":\"\u0392\u03b9\u03bf\u03bc\u03b7\u03c7\u03b1\u03bd\u03af\u03b1 \u039e\u03cd\u03bb\u03bf\u03c5 Alfa Wood Group\",\"publisher\":{\"@id\":\"https:\\\/\\\/alfawood.gr\\\/#organization\"},\"alternateName\":\"Melamines - MDF - Laminate - Worktops\",\"potentialAction\":[{\"@type\":\"SearchAction\",\"target\":{\"@type\":\"EntryPoint\",\"urlTemplate\":\"https:\\\/\\\/alfawood.gr\\\/?s={search_term_string}\"},\"query-input\":{\"@type\":\"PropertyValueSpecification\",\"valueRequired\":true,\"valueName\":\"search_term_string\"}}],\"inLanguage\":\"sq\"},{\"@type\":\"Organization\",\"@id\":\"https:\\\/\\\/alfawood.gr\\\/#organization\",\"name\":\"Alfa Wood Group\",\"url\":\"https:\\\/\\\/alfawood.gr\\\/\",\"logo\":{\"@type\":\"ImageObject\",\"inLanguage\":\"sq\",\"@id\":\"https:\\\/\\\/alfawood.gr\\\/#\\\/schema\\\/logo\\\/image\\\/\",\"url\":\"https:\\\/\\\/alfawood.gr\\\/wp-content\\\/uploads\\\/2023\\\/02\\\/alfa-wood-logo-1.svg\",\"contentUrl\":\"https:\\\/\\\/alfawood.gr\\\/wp-content\\\/uploads\\\/2023\\\/02\\\/alfa-wood-logo-1.svg\",\"width\":305,\"height\":195,\"caption\":\"Alfa Wood Group\"},\"image\":{\"@id\":\"https:\\\/\\\/alfawood.gr\\\/#\\\/schema\\\/logo\\\/image\\\/\"},\"sameAs\":[\"https:\\\/\\\/www.facebook.com\\\/alfawood.group\",\"https:\\\/\\\/x.com\\\/ALFAWOODGROUP\",\"https:\\\/\\\/www.instagram.com\\\/alfawood.group\",\"https:\\\/\\\/www.youtube.com\\\/@alfawoodgroup\",\"https:\\\/\\\/www.tiktok.com\\\/@alfawood.group\",\"https:\\\/\\\/vimeo.com\\\/alfawood\",\"https:\\\/\\\/www.linkedin.com\\\/company\\\/alfawoodgroup\",\"https:\\\/\\\/www.pinterest.com\\\/alfawoodgroup\\\/\"]}]}<\/script>\n<!-- \/ Yoast SEO Premium plugin. -->","yoast_head_json":{"title":"1891 Smoke Oak - Synchro - \u0395\u03c0\u03b9\u03c6\u03ac\u03bd\u03b5\u03b9\u03b5\u03c2 \u039c\u03b5\u03bb\u03b1\u03bc\u03af\u03bd\u03b7\u03c2 MDF \u039c\u03bf\u03c1\u03b9\u03bf\u03c3\u03b1\u03bd\u03af\u03b4\u03b1 \u03a0\u03ac\u03b3\u03ba\u03bf\u03b9 \u0394\u03ac\u03c0\u03b5\u03b4\u03b1 \u03a0\u03cc\u03c1\u03c4\u03b5\u03c2","robots":{"index":"index","follow":"follow","max-snippet":"max-snippet:-1","max-image-preview":"max-image-preview:large","max-video-preview":"max-video-preview:-1"},"canonical":"https:\/\/alfawood.gr\/sq\/produkt\/1891-smoke-oak-synchro","og_locale":"sq_AL","og_type":"article","og_title":"1891 Smoke Oak - Synchro","og_description":"\u03a4\u03bf \u03b4\u03ac\u03c0\u03b5\u03b4\u03bf laminate 1891 Smoke Oak \u2013 Synchro \u03b1\u03bd\u03c4\u03bb\u03b5\u03af \u03c4\u03b7\u03bd \u03b1\u03b9\u03c3\u03b8\u03b7\u03c4\u03b9\u03ba\u03ae \u03c4\u03bf\u03c5 \u03b1\u03c0\u03cc \u03c4\u03bf \u03c6\u03c5\u03c3\u03b9\u03ba\u03cc \u03be\u03cd\u03bb\u03bf \u03b4\u03c1\u03c5\u03cc\u03c2, \u03b1\u03c0\u03bf\u03c0\u03bd\u03ad\u03bf\u03bd\u03c4\u03b1\u03c2 \u03b1\u03c5\u03b8\u03b5\u03bd\u03c4\u03b9\u03ba\u03cc\u03c4\u03b7\u03c4\u03b1 \u03ba\u03b1\u03b9 \u03ba\u03bf\u03bc\u03c8\u03cc\u03c4\u03b7\u03c4\u03b1. \u0397 \u03c0\u03b1\u03bb\u03b1\u03b9\u03c9\u03bc\u03ad\u03bd\u03b7, \u03c3\u03ba\u03bf\u03cd\u03c1\u03b1 \u03b1\u03c0\u03cc\u03c7\u03c1\u03c9\u03c3\u03ae \u03c4\u03bf\u03c5 \u03b4\u03b7\u03bc\u03b9\u03bf\u03c5\u03c1\u03b3\u03b5\u03af \u03bc\u03b9\u03b1 \u03b1\u03af\u03c3\u03b8\u03b7\u03c3\u03b7 \u03b6\u03b5\u03c3\u03c4\u03b1\u03c3\u03b9\u03ac\u03c2, \u03b5\u03bd\u03ce \u03bf \u03c3\u03c5\u03bd\u03b4\u03c5\u03b1\u03c3\u03bc\u03cc\u03c2 \u03c4\u03bf\u03c5 \u03bc\u03b5 \u03b1\u03bd\u03bf\u03b9\u03c7\u03c4\u03cc\u03c7\u03c1\u03c9\u03bc\u03bf \u03b3\u03c1\u03b1\u03c6\u03b5\u03af\u03bf \u03b5\u03bd\u03b9\u03c3\u03c7\u03cd\u03b5\u03b9 \u03c4\u03b7 \u03b4\u03b7\u03bc\u03b9\u03bf\u03c5\u03c1\u03b3\u03af\u03b1 \u03bc\u03b9\u03b1\u03c2 \u03b5\u03ba\u03bb\u03b5\u03c0\u03c4\u03c5\u03c3\u03bc\u03ad\u03bd\u03b7\u03c2 \u03ba\u03b1\u03b9 \u03b5\u03c0\u03b1\u03b3\u03b3\u03b5\u03bb\u03bc\u03b1\u03c4\u03b9\u03ba\u03ae\u03c2 \u03b1\u03c4\u03bc\u03cc\u03c3\u03c6\u03b1\u03b9\u03c1\u03b1\u03c2. \u039f\u03b9 \u03b4\u03b9\u03b1\u03ba\u03c1\u03b9\u03c4\u03b9\u03ba\u03bf\u03af \u03b1\u03c1\u03bc\u03bf\u03af \u03c0\u03c1\u03bf\u03c3\u03b8\u03ad\u03c4\u03bf\u03c5\u03bd \u03ad\u03bd\u03b1 \u03c3\u03c4\u03bf\u03b9\u03c7\u03b5\u03af\u03bf \u03b9\u03b4\u03b9\u03b1\u03af\u03c4\u03b5\u03c1\u03b7\u03c2 \u03ba\u03b1\u03bb\u03b1\u03b9\u03c3\u03b8\u03b7\u03c3\u03af\u03b1\u03c2, \u03b1\u03bd\u03b1\u03b2\u03b1\u03b8\u03bc\u03af\u03b6\u03bf\u03bd\u03c4\u03b1\u03c2 \u03c3\u03c5\u03bd\u03bf\u03bb\u03b9\u03ba\u03ac \u03c4\u03b7\u03bd \u03b1\u03b9\u03c3\u03b8\u03b7\u03c4\u03b9\u03ba\u03ae \u03c4\u03bf\u03c5 \u03c7\u03ce\u03c1\u03bf\u03c5.","og_url":"https:\/\/alfawood.gr\/sq\/produkt\/1891-smoke-oak-synchro","og_site_name":"\u0395\u03c0\u03b9\u03c6\u03ac\u03bd\u03b5\u03b9\u03b5\u03c2 \u039c\u03b5\u03bb\u03b1\u03bc\u03af\u03bd\u03b7\u03c2 MDF \u039c\u03bf\u03c1\u03b9\u03bf\u03c3\u03b1\u03bd\u03af\u03b4\u03b1 \u03a0\u03ac\u03b3\u03ba\u03bf\u03b9 \u0394\u03ac\u03c0\u03b5\u03b4\u03b1 \u03a0\u03cc\u03c1\u03c4\u03b5\u03c2","article_publisher":"https:\/\/www.facebook.com\/alfawood.group","article_modified_time":"2025-11-28T08:40:26+00:00","og_image":[{"width":874,"height":1200,"url":"https:\/\/alfawood.gr\/wp-content\/uploads\/2025\/11\/1891-SYNCHRO-LAMINATE.jpg","type":"image\/jpeg"}],"twitter_card":"summary_large_image","twitter_site":"@ALFAWOODGROUP","twitter_misc":{"Est. reading time":"1 minut\u00eb"},"schema":{"@context":"https:\/\/schema.org","@graph":[{"@type":"WebPage","@id":"https:\/\/alfawood.gr\/product\/1891-smoke-oak-synchro\/","url":"https:\/\/alfawood.gr\/product\/1891-smoke-oak-synchro\/","name":"1891 Smoke Oak - Synchro - \u0395\u03c0\u03b9\u03c6\u03ac\u03bd\u03b5\u03b9\u03b5\u03c2 \u039c\u03b5\u03bb\u03b1\u03bc\u03af\u03bd\u03b7\u03c2 MDF \u039c\u03bf\u03c1\u03b9\u03bf\u03c3\u03b1\u03bd\u03af\u03b4\u03b1 \u03a0\u03ac\u03b3\u03ba\u03bf\u03b9 \u0394\u03ac\u03c0\u03b5\u03b4\u03b1 \u03a0\u03cc\u03c1\u03c4\u03b5\u03c2","isPartOf":{"@id":"https:\/\/alfawood.gr\/#website"},"primaryImageOfPage":{"@id":"https:\/\/alfawood.gr\/product\/1891-smoke-oak-synchro\/#primaryimage"},"image":{"@id":"https:\/\/alfawood.gr\/product\/1891-smoke-oak-synchro\/#primaryimage"},"thumbnailUrl":"https:\/\/alfawood.gr\/wp-content\/uploads\/2025\/11\/1891-SYNCHRO-LAMINATE.jpg","datePublished":"2025-11-26T09:41:36+00:00","dateModified":"2025-11-28T08:40:26+00:00","breadcrumb":{"@id":"https:\/\/alfawood.gr\/product\/1891-smoke-oak-synchro\/#breadcrumb"},"inLanguage":"sq","potentialAction":[{"@type":"ReadAction","target":["https:\/\/alfawood.gr\/product\/1891-smoke-oak-synchro\/"]}]},{"@type":"ImageObject","inLanguage":"sq","@id":"https:\/\/alfawood.gr\/product\/1891-smoke-oak-synchro\/#primaryimage","url":"https:\/\/alfawood.gr\/wp-content\/uploads\/2025\/11\/1891-SYNCHRO-LAMINATE.jpg","contentUrl":"https:\/\/alfawood.gr\/wp-content\/uploads\/2025\/11\/1891-SYNCHRO-LAMINATE.jpg","width":874,"height":1200},{"@type":"BreadcrumbList","@id":"https:\/\/alfawood.gr\/product\/1891-smoke-oak-synchro\/#breadcrumb","itemListElement":[{"@type":"ListItem","position":1,"name":"Home","item":"https:\/\/alfawood.gr\/"},{"@type":"ListItem","position":2,"name":"\u03a0\u03c1\u03bf\u03ca\u03cc\u03bd\u03c4\u03b1","item":"https:\/\/alfawood.gr\/proionta-wood\/"},{"@type":"ListItem","position":3,"name":"\u0394\u03ac\u03c0\u03b5\u03b4\u03b1 - Alfa Flooring","item":"https:\/\/alfawood.gr\/category\/dapeda\/"},{"@type":"ListItem","position":4,"name":"\u0394\u03ac\u03c0\u03b5\u03b4\u03b1 \u0395\u03c3\u03c9\u03c4\u03b5\u03c1\u03b9\u03ba\u03bf\u03cd \u03c7\u03ce\u03c1\u03bf\u03c5","item":"https:\/\/alfawood.gr\/en\/category\/dapeda\/esoterikou-xorou\/"},{"@type":"ListItem","position":5,"name":"Laminate","item":"https:\/\/alfawood.gr\/en\/category\/dapeda\/esoterikou-xorou\/laminate\/"},{"@type":"ListItem","position":6,"name":"Silva Essence AC5 8mm-Synchro","item":"https:\/\/alfawood.gr\/category\/dapeda\/esoterikou-xorou\/laminate\/silva-essence-ac5-8mm-synchro\/"},{"@type":"ListItem","position":7,"name":"1891 Smoke Oak &#8211; Synchro"}]},{"@type":"WebSite","@id":"https:\/\/alfawood.gr\/#website","url":"https:\/\/alfawood.gr\/","name":"Sip\u00ebrfaqe melamine MDF banak\u00eb p\u00ebr pllaka Dyer","description":"Alfa Wood Group Industria e drurit","publisher":{"@id":"https:\/\/alfawood.gr\/#organization"},"alternateName":"Melamines - MDF - Laminate - Worktops","potentialAction":[{"@type":"SearchAction","target":{"@type":"EntryPoint","urlTemplate":"https:\/\/alfawood.gr\/?s={search_term_string}"},"query-input":{"@type":"PropertyValueSpecification","valueRequired":true,"valueName":"search_term_string"}}],"inLanguage":"sq"},{"@type":"Organization","@id":"https:\/\/alfawood.gr\/#organization","name":"Alfa Wood Group","url":"https:\/\/alfawood.gr\/","logo":{"@type":"ImageObject","inLanguage":"sq","@id":"https:\/\/alfawood.gr\/#\/schema\/logo\/image\/","url":"https:\/\/alfawood.gr\/wp-content\/uploads\/2023\/02\/alfa-wood-logo-1.svg","contentUrl":"https:\/\/alfawood.gr\/wp-content\/uploads\/2023\/02\/alfa-wood-logo-1.svg","width":305,"height":195,"caption":"Alfa Wood Group"},"image":{"@id":"https:\/\/alfawood.gr\/#\/schema\/logo\/image\/"},"sameAs":["https:\/\/www.facebook.com\/alfawood.group","https:\/\/x.com\/ALFAWOODGROUP","https:\/\/www.instagram.com\/alfawood.group","https:\/\/www.youtube.com\/@alfawoodgroup","https:\/\/www.tiktok.com\/@alfawood.group","https:\/\/vimeo.com\/alfawood","https:\/\/www.linkedin.com\/company\/alfawoodgroup","https:\/\/www.pinterest.com\/alfawoodgroup\/"]}]}},"_links":{"self":[{"href":"https:\/\/alfawood.gr\/sq\/wp-json\/wp\/v2\/product\/28323","targetHints":{"allow":["GET"]}}],"collection":[{"href":"https:\/\/alfawood.gr\/sq\/wp-json\/wp\/v2\/product"}],"about":[{"href":"https:\/\/alfawood.gr\/sq\/wp-json\/wp\/v2\/types\/product"}],"version-history":[{"count":1,"href":"https:\/\/alfawood.gr\/sq\/wp-json\/wp\/v2\/product\/28323\/revisions"}],"predecessor-version":[{"id":28377,"href":"https:\/\/alfawood.gr\/sq\/wp-json\/wp\/v2\/product\/28323\/revisions\/28377"}],"wp:featuredmedia":[{"embeddable":true,"href":"https:\/\/alfawood.gr\/sq\/wp-json\/wp\/v2\/media\/28396"}],"wp:attachment":[{"href":"https:\/\/alfawood.gr\/sq\/wp-json\/wp\/v2\/media?parent=28323"}],"wp:term":[{"taxonomy":"product_brand","embeddable":true,"href":"https:\/\/alfawood.gr\/sq\/wp-json\/wp\/v2\/product_brand?post=28323"},{"taxonomy":"product_cat","embeddable":true,"href":"https:\/\/alfawood.gr\/sq\/wp-json\/wp\/v2\/product_cat?post=28323"},{"taxonomy":"product_tag","embeddable":true,"href":"https:\/\/alfawood.gr\/sq\/wp-json\/wp\/v2\/product_tag?post=28323"}],"curies":[{"name":"wp","href":"https:\/\/api.w.org\/{rel}","templated":true}]}}