{"id":28762,"date":"2026-04-02T13:42:00","date_gmt":"2026-04-02T11:42:00","guid":{"rendered":"https:\/\/alfawood.gr\/?post_type=product&#038;p=28762"},"modified":"2026-04-02T13:42:54","modified_gmt":"2026-04-02T11:42:54","slug":"wpc-3d-perifraxi-kafe-wp04","status":"publish","type":"product","link":"https:\/\/alfawood.gr\/sq\/product\/wpc-3d-perifraxi-kafe-wp04\/","title":{"rendered":"WPC-3D \u03a0\u03b5\u03c1\u03af\u03c6\u03c1\u03b1\u03be\u03b7 \u039a\u03b1\u03c6\u03ad WP04"},"content":{"rendered":"<p>Dyshemeja sintetike WPC (Wood-Plastic Composite) (WPC DECK) \u00ebsht\u00eb nj\u00eb produkt inovativ dhe \u00ebsht\u00eb zgjidhja ideale e dyshemes\u00eb ose rrethimit p\u00ebr ambiente t\u00eb jashtme si pishina, tarraca, kopshte, gardhe, rrethime, veranda, etj. si dhe p\u00ebr ambiente t\u00eb brendshme. P\u00ebrb\u00ebrja e tyre (60% dru \u2013 40% HDPE) u lejon atyre t\u00eb kombinojn\u00eb bukurin\u00eb e drurit natyror dhe avantazhet e plastik\u00ebs.<\/p>\n<p>Duke zgjedhur Deck WPC ose gardh, ju mund t\u00eb rinovoni hap\u00ebsir\u00ebn tuaj me nj\u00eb material t\u00eb q\u00ebndruesh\u00ebm dhe t\u00eb leht\u00eb p\u00ebr t&#039;u p\u00ebrdorur. P\u00ebrve\u00e7 k\u00ebsaj, ato ofrojn\u00eb nj\u00eb gam\u00eb t\u00eb gjer\u00eb modelesh dhe ngjyrash p\u00ebr t\u00eb krijuar nj\u00eb dizajn unik dhe t\u00ebrheq\u00ebs.<\/p>\n<p>S\u00eb fundi, dyshemet\u00eb WPC dhe rrethimi WPC jan\u00eb nj\u00eb opsion ekonomik, pasi ato kan\u00eb nj\u00eb jet\u00ebgjat\u00ebsi t\u00eb gjat\u00eb dhe nuk k\u00ebrkojn\u00eb mir\u00ebmbajtje si dyshemet\u00eb tradicionale prej druri.<\/p>\n<p><strong>P\u00ebrdorimet<\/strong><br \/>Dekat e jashtme p\u00ebrdoren n\u00eb pishina, tarraca, kopshte, parqe dhe p\u00ebrgjith\u00ebsisht n\u00eb t\u00eb gjitha hap\u00ebsirat e jashtme q\u00eb jan\u00eb t\u00eb ekspozuara ndaj kushteve mjedisore. P\u00ebrdoret gjithashtu n\u00eb ambiente t\u00eb brendshme me lag\u00ebshtir\u00eb si banja dhe kuzhina.<\/p>\n<p><strong>Kujdesi<\/strong><br \/>Do t\u00eb tretim sapunin e l\u00ebngsh\u00ebm t\u00eb en\u00ebve n\u00eb uj\u00eb t\u00eb vak\u00ebt, do ta f\u00ebrkojm\u00eb me fshes\u00eb dhe do ta shp\u00eblajm\u00eb me uj\u00eb t\u00eb past\u00ebr.<\/p>\n\n\n<p><strong>Dimensionet<\/strong> <strong>Paneli<\/strong><br><strong>TAVANTAZH WPC:<\/strong> 25 x 150 x 4000 mm -  <strong>Gardhe WPC: <\/strong>20 x 120 x 3600 mm -  <strong>WPC<\/strong> <strong>Kuvert\u00eb Tregtare: <\/strong>22 x 140 x 4000 mm<\/p>\n\n\n\n<p><\/p>","protected":false},"excerpt":{"rendered":"<p>H \u03c3\u03c5\u03bd\u03b8\u03b5\u03c4\u03b9\u03ba\u03ae \u03c0\u03b5\u03c1\u03af\u03c6\u03c1\u03b1\u03be\u03b7 WPC-3D \u03c3\u03b5 \u03ba\u03b1\u03c6\u03ad \u03b1\u03c0\u03cc\u03c7\u03c1\u03c9\u03c3\u03b7 \u03c0\u03c1\u03bf\u03c4\u03b5\u03af\u03bd\u03b5\u03c4\u03b1\u03b9 \u03c0\u03bb\u03ad\u03bf\u03bd \u03b1\u03bd\u03c4\u03af \u03b3\u03b9\u03b1 \u03be\u03cd\u03bb\u03bf \u03c4\u03cc\u03c3\u03bf \u03bb\u03cc\u03b3\u03c9 \u03c4\u03b7\u03c2 \u03c4\u03b9\u03bc\u03ae\u03c2 \u03cc\u03c3\u03bf \u03ba\u03b1\u03b9 \u03c4\u03b7\u03c2 \u03ba\u03bf\u03c1\u03c5\u03c6\u03b1\u03af\u03b1\u03c2 \u03c0\u03bf\u03b9\u03cc\u03c4\u03b7\u03c4\u03b1\u03c2 \u03ba\u03b1\u03b8\u03ce\u03c2 \u03b4\u03b5\u03bd \u03c7\u03c1\u03b5\u03b9\u03ac\u03b6\u03b5\u03c4\u03b1\u03b9 \u03c4\u03b7 \u03c3\u03c5\u03bd\u03c4\u03ae\u03c1\u03b7\u03c3\u03b7 \u03c0\u03bf\u03c5 \u03c7\u03c1\u03b5\u03b9\u03ac\u03b6\u03b5\u03c4\u03b1\u03b9 \u03c4\u03bf \u03be\u03cd\u03bb\u03bf.<\/p>\n<p>Gardhet sintetike jan\u00eb e ardhmja n\u00eb fush\u00ebn e tyre dhe po &quot;pushtojn\u00eb&quot; gjithnj\u00eb e m\u00eb shum\u00eb zemrat si t\u00eb profesionist\u00ebve ashtu edhe t\u00eb individ\u00ebve.<\/p>","protected":false},"featured_media":28759,"template":"","meta":{"_acf_changed":false,"inline_featured_image":false,"cybocfi_hide_featured_image":""},"product_brand":[],"product_cat":[796,88,181],"product_tag":[],"class_list":{"0":"post-28762","1":"product","2":"type-product","3":"status-publish","4":"has-post-thumbnail","6":"product_cat-wpc-perifraksi","7":"product_cat-dapeda","8":"product_cat-eksoterikou-xorou","10":"first","11":"instock","12":"product-type-simple"},"acf":[],"yoast_head":"<!-- This site is optimized with the Yoast SEO Premium plugin v27.3 (Yoast SEO v27.3) - https:\/\/yoast.com\/product\/yoast-seo-premium-wordpress\/ -->\n<title>WPC-3D \u03a0\u03b5\u03c1\u03af\u03c6\u03c1\u03b1\u03be\u03b7 \u039a\u03b1\u03c6\u03ad WP04 - \u0395\u03c0\u03b9\u03c6\u03ac\u03bd\u03b5\u03b9\u03b5\u03c2 \u039c\u03b5\u03bb\u03b1\u03bc\u03af\u03bd\u03b7\u03c2 MDF \u039c\u03bf\u03c1\u03b9\u03bf\u03c3\u03b1\u03bd\u03af\u03b4\u03b1 \u03a0\u03ac\u03b3\u03ba\u03bf\u03b9 \u0394\u03ac\u03c0\u03b5\u03b4\u03b1 \u03a0\u03cc\u03c1\u03c4\u03b5\u03c2<\/title>\n<meta name=\"robots\" content=\"index, follow, max-snippet:-1, max-image-preview:large, max-video-preview:-1\" \/>\n<link rel=\"canonical\" href=\"https:\/\/alfawood.gr\/sq\/produkt\/wpc-3d-perifraxi-kafe-wp04\" \/>\n<meta property=\"og:locale\" content=\"sq_AL\" \/>\n<meta property=\"og:type\" content=\"article\" \/>\n<meta property=\"og:title\" content=\"WPC-3D \u03a0\u03b5\u03c1\u03af\u03c6\u03c1\u03b1\u03be\u03b7 \u039a\u03b1\u03c6\u03ad WP04\" \/>\n<meta property=\"og:description\" content=\"H \u03c3\u03c5\u03bd\u03b8\u03b5\u03c4\u03b9\u03ba\u03ae \u03c0\u03b5\u03c1\u03af\u03c6\u03c1\u03b1\u03be\u03b7 WPC-3D \u03c3\u03b5 \u03ba\u03b1\u03c6\u03ad \u03b1\u03c0\u03cc\u03c7\u03c1\u03c9\u03c3\u03b7 \u03c0\u03c1\u03bf\u03c4\u03b5\u03af\u03bd\u03b5\u03c4\u03b1\u03b9 \u03c0\u03bb\u03ad\u03bf\u03bd \u03b1\u03bd\u03c4\u03af \u03b3\u03b9\u03b1 \u03be\u03cd\u03bb\u03bf \u03c4\u03cc\u03c3\u03bf \u03bb\u03cc\u03b3\u03c9 \u03c4\u03b7\u03c2 \u03c4\u03b9\u03bc\u03ae\u03c2 \u03cc\u03c3\u03bf \u03ba\u03b1\u03b9 \u03c4\u03b7\u03c2 \u03ba\u03bf\u03c1\u03c5\u03c6\u03b1\u03af\u03b1\u03c2 \u03c0\u03bf\u03b9\u03cc\u03c4\u03b7\u03c4\u03b1\u03c2 \u03ba\u03b1\u03b8\u03ce\u03c2 \u03b4\u03b5\u03bd \u03c7\u03c1\u03b5\u03b9\u03ac\u03b6\u03b5\u03c4\u03b1\u03b9 \u03c4\u03b7 \u03c3\u03c5\u03bd\u03c4\u03ae\u03c1\u03b7\u03c3\u03b7 \u03c0\u03bf\u03c5 \u03c7\u03c1\u03b5\u03b9\u03ac\u03b6\u03b5\u03c4\u03b1\u03b9 \u03c4\u03bf \u03be\u03cd\u03bb\u03bf.  \u0397 \u03c3\u03c5\u03bd\u03b8\u03b5\u03c4\u03b9\u03ba\u03ae \u03c0\u03b5\u03c1\u03af\u03c6\u03c1\u03b1\u03be\u03b7 \u03b5\u03af\u03bd\u03b1\u03b9 \u03c4\u03bf \u03bc\u03ad\u03bb\u03bb\u03bf\u03bd \u03c3\u03c4\u03bf \u03c7\u03ce\u03c1\u03bf \u03c4\u03b7\u03c2 \u03ba\u03b1\u03b9 \u03cc\u03bb\u03bf \u03ba\u03b1\u03b9 \u03c0\u03b5\u03c1\u03b9\u03c3\u03c3\u03cc\u03c4\u03b5\u03c1\u03bf \u201c\u03ba\u03b1\u03c4\u03b1\u03bb\u03b1\u03bc\u03b2\u03ac\u03bd\u03b5\u03b9 \u03c4\u03b9\u03c2 \u03ba\u03b1\u03c1\u03b4\u03b9\u03ad\u03c2\u201d \u03c4\u03cc\u03c3\u03bf \u03c4\u03c9\u03bd \u03b5\u03c0\u03b1\u03b3\u03b3\u03b5\u03bb\u03bc\u03b1\u03c4\u03b9\u03ce\u03bd \u03cc\u03c3\u03bf \u03ba\u03b1\u03b9 \u03c4\u03c9\u03bd \u03b9\u03b4\u03b9\u03c9\u03c4\u03ce\u03bd.\" \/>\n<meta property=\"og:url\" content=\"https:\/\/alfawood.gr\/sq\/produkt\/wpc-3d-perifraxi-kafe-wp04\" \/>\n<meta property=\"og:site_name\" content=\"\u0395\u03c0\u03b9\u03c6\u03ac\u03bd\u03b5\u03b9\u03b5\u03c2 \u039c\u03b5\u03bb\u03b1\u03bc\u03af\u03bd\u03b7\u03c2 MDF \u039c\u03bf\u03c1\u03b9\u03bf\u03c3\u03b1\u03bd\u03af\u03b4\u03b1 \u03a0\u03ac\u03b3\u03ba\u03bf\u03b9 \u0394\u03ac\u03c0\u03b5\u03b4\u03b1 \u03a0\u03cc\u03c1\u03c4\u03b5\u03c2\" \/>\n<meta property=\"article:publisher\" content=\"https:\/\/www.facebook.com\/alfawood.group\" \/>\n<meta property=\"article:modified_time\" content=\"2026-04-02T11:42:54+00:00\" \/>\n<meta property=\"og:image\" content=\"https:\/\/alfawood.gr\/wp-content\/uploads\/2026\/04\/WPC-3D-WP04-PERIFRAKSI.jpg\" \/>\n\t<meta property=\"og:image:width\" content=\"600\" \/>\n\t<meta property=\"og:image:height\" content=\"824\" \/>\n\t<meta property=\"og:image:type\" content=\"image\/jpeg\" \/>\n<meta name=\"twitter:card\" content=\"summary_large_image\" \/>\n<meta name=\"twitter:site\" content=\"@ALFAWOODGROUP\" \/>\n<meta name=\"twitter:label1\" content=\"Est. reading time\" \/>\n\t<meta name=\"twitter:data1\" content=\"1 minut\u00eb\" \/>\n<script type=\"application\/ld+json\" class=\"yoast-schema-graph\">{\"@context\":\"https:\\\/\\\/schema.org\",\"@graph\":[{\"@type\":\"WebPage\",\"@id\":\"https:\\\/\\\/alfawood.gr\\\/product\\\/wpc-3d-perifraxi-kafe-wp04\\\/\",\"url\":\"https:\\\/\\\/alfawood.gr\\\/product\\\/wpc-3d-perifraxi-kafe-wp04\\\/\",\"name\":\"WPC-3D \u03a0\u03b5\u03c1\u03af\u03c6\u03c1\u03b1\u03be\u03b7 \u039a\u03b1\u03c6\u03ad WP04 - \u0395\u03c0\u03b9\u03c6\u03ac\u03bd\u03b5\u03b9\u03b5\u03c2 \u039c\u03b5\u03bb\u03b1\u03bc\u03af\u03bd\u03b7\u03c2 MDF \u039c\u03bf\u03c1\u03b9\u03bf\u03c3\u03b1\u03bd\u03af\u03b4\u03b1 \u03a0\u03ac\u03b3\u03ba\u03bf\u03b9 \u0394\u03ac\u03c0\u03b5\u03b4\u03b1 \u03a0\u03cc\u03c1\u03c4\u03b5\u03c2\",\"isPartOf\":{\"@id\":\"https:\\\/\\\/alfawood.gr\\\/#website\"},\"primaryImageOfPage\":{\"@id\":\"https:\\\/\\\/alfawood.gr\\\/product\\\/wpc-3d-perifraxi-kafe-wp04\\\/#primaryimage\"},\"image\":{\"@id\":\"https:\\\/\\\/alfawood.gr\\\/product\\\/wpc-3d-perifraxi-kafe-wp04\\\/#primaryimage\"},\"thumbnailUrl\":\"https:\\\/\\\/alfawood.gr\\\/wp-content\\\/uploads\\\/2026\\\/04\\\/WPC-3D-WP04-PERIFRAKSI.jpg\",\"datePublished\":\"2026-04-02T11:42:00+00:00\",\"dateModified\":\"2026-04-02T11:42:54+00:00\",\"breadcrumb\":{\"@id\":\"https:\\\/\\\/alfawood.gr\\\/product\\\/wpc-3d-perifraxi-kafe-wp04\\\/#breadcrumb\"},\"inLanguage\":\"sq\",\"potentialAction\":[{\"@type\":\"ReadAction\",\"target\":[\"https:\\\/\\\/alfawood.gr\\\/product\\\/wpc-3d-perifraxi-kafe-wp04\\\/\"]}]},{\"@type\":\"ImageObject\",\"inLanguage\":\"sq\",\"@id\":\"https:\\\/\\\/alfawood.gr\\\/product\\\/wpc-3d-perifraxi-kafe-wp04\\\/#primaryimage\",\"url\":\"https:\\\/\\\/alfawood.gr\\\/wp-content\\\/uploads\\\/2026\\\/04\\\/WPC-3D-WP04-PERIFRAKSI.jpg\",\"contentUrl\":\"https:\\\/\\\/alfawood.gr\\\/wp-content\\\/uploads\\\/2026\\\/04\\\/WPC-3D-WP04-PERIFRAKSI.jpg\",\"width\":600,\"height\":824,\"caption\":\"WPC-3D-WP04-PERIFRAKSI\"},{\"@type\":\"BreadcrumbList\",\"@id\":\"https:\\\/\\\/alfawood.gr\\\/product\\\/wpc-3d-perifraxi-kafe-wp04\\\/#breadcrumb\",\"itemListElement\":[{\"@type\":\"ListItem\",\"position\":1,\"name\":\"Home\",\"item\":\"https:\\\/\\\/alfawood.gr\\\/\"},{\"@type\":\"ListItem\",\"position\":2,\"name\":\"\u03a0\u03c1\u03bf\u03ca\u03cc\u03bd\u03c4\u03b1\",\"item\":\"https:\\\/\\\/alfawood.gr\\\/proionta-wood\\\/\"},{\"@type\":\"ListItem\",\"position\":3,\"name\":\"\u0394\u03ac\u03c0\u03b5\u03b4\u03b1 - Alfa Flooring\",\"item\":\"https:\\\/\\\/alfawood.gr\\\/category\\\/dapeda\\\/\"},{\"@type\":\"ListItem\",\"position\":4,\"name\":\"WPC-3D \u03a0\u03b5\u03c1\u03af\u03c6\u03c1\u03b1\u03be\u03b7 \u039a\u03b1\u03c6\u03ad WP04\"}]},{\"@type\":\"WebSite\",\"@id\":\"https:\\\/\\\/alfawood.gr\\\/#website\",\"url\":\"https:\\\/\\\/alfawood.gr\\\/\",\"name\":\"\u0395\u03c0\u03b9\u03c6\u03ac\u03bd\u03b5\u03b9\u03b5\u03c2 \u039c\u03b5\u03bb\u03b1\u03bc\u03af\u03bd\u03b7\u03c2 MDF \u039c\u03bf\u03c1\u03b9\u03bf\u03c3\u03b1\u03bd\u03af\u03b4\u03b1 \u03a0\u03ac\u03b3\u03ba\u03bf\u03b9 \u0394\u03ac\u03c0\u03b5\u03b4\u03b1 \u03a0\u03cc\u03c1\u03c4\u03b5\u03c2\",\"description\":\"\u0392\u03b9\u03bf\u03bc\u03b7\u03c7\u03b1\u03bd\u03af\u03b1 \u039e\u03cd\u03bb\u03bf\u03c5 Alfa Wood Group\",\"publisher\":{\"@id\":\"https:\\\/\\\/alfawood.gr\\\/#organization\"},\"alternateName\":\"Melamines - MDF - Laminate - Worktops\",\"potentialAction\":[{\"@type\":\"SearchAction\",\"target\":{\"@type\":\"EntryPoint\",\"urlTemplate\":\"https:\\\/\\\/alfawood.gr\\\/?s={search_term_string}\"},\"query-input\":{\"@type\":\"PropertyValueSpecification\",\"valueRequired\":true,\"valueName\":\"search_term_string\"}}],\"inLanguage\":\"sq\"},{\"@type\":\"Organization\",\"@id\":\"https:\\\/\\\/alfawood.gr\\\/#organization\",\"name\":\"Alfa Wood Group\",\"url\":\"https:\\\/\\\/alfawood.gr\\\/\",\"logo\":{\"@type\":\"ImageObject\",\"inLanguage\":\"sq\",\"@id\":\"https:\\\/\\\/alfawood.gr\\\/#\\\/schema\\\/logo\\\/image\\\/\",\"url\":\"https:\\\/\\\/alfawood.gr\\\/wp-content\\\/uploads\\\/2023\\\/02\\\/alfa-wood-logo-1.svg\",\"contentUrl\":\"https:\\\/\\\/alfawood.gr\\\/wp-content\\\/uploads\\\/2023\\\/02\\\/alfa-wood-logo-1.svg\",\"width\":305,\"height\":195,\"caption\":\"Alfa Wood Group\"},\"image\":{\"@id\":\"https:\\\/\\\/alfawood.gr\\\/#\\\/schema\\\/logo\\\/image\\\/\"},\"sameAs\":[\"https:\\\/\\\/www.facebook.com\\\/alfawood.group\",\"https:\\\/\\\/x.com\\\/ALFAWOODGROUP\",\"https:\\\/\\\/www.instagram.com\\\/alfawood.group\",\"https:\\\/\\\/www.youtube.com\\\/@alfawoodgroup\",\"https:\\\/\\\/www.tiktok.com\\\/@alfawood.group\",\"https:\\\/\\\/vimeo.com\\\/alfawood\",\"https:\\\/\\\/www.linkedin.com\\\/company\\\/alfawoodgroup\",\"https:\\\/\\\/www.pinterest.com\\\/alfawoodgroup\\\/\"]}]}<\/script>\n<!-- \/ Yoast SEO Premium plugin. -->","yoast_head_json":{"title":"WPC-3D \u03a0\u03b5\u03c1\u03af\u03c6\u03c1\u03b1\u03be\u03b7 \u039a\u03b1\u03c6\u03ad WP04 - \u0395\u03c0\u03b9\u03c6\u03ac\u03bd\u03b5\u03b9\u03b5\u03c2 \u039c\u03b5\u03bb\u03b1\u03bc\u03af\u03bd\u03b7\u03c2 MDF \u039c\u03bf\u03c1\u03b9\u03bf\u03c3\u03b1\u03bd\u03af\u03b4\u03b1 \u03a0\u03ac\u03b3\u03ba\u03bf\u03b9 \u0394\u03ac\u03c0\u03b5\u03b4\u03b1 \u03a0\u03cc\u03c1\u03c4\u03b5\u03c2","robots":{"index":"index","follow":"follow","max-snippet":"max-snippet:-1","max-image-preview":"max-image-preview:large","max-video-preview":"max-video-preview:-1"},"canonical":"https:\/\/alfawood.gr\/sq\/produkt\/wpc-3d-perifraxi-kafe-wp04","og_locale":"sq_AL","og_type":"article","og_title":"WPC-3D \u03a0\u03b5\u03c1\u03af\u03c6\u03c1\u03b1\u03be\u03b7 \u039a\u03b1\u03c6\u03ad WP04","og_description":"H \u03c3\u03c5\u03bd\u03b8\u03b5\u03c4\u03b9\u03ba\u03ae \u03c0\u03b5\u03c1\u03af\u03c6\u03c1\u03b1\u03be\u03b7 WPC-3D \u03c3\u03b5 \u03ba\u03b1\u03c6\u03ad \u03b1\u03c0\u03cc\u03c7\u03c1\u03c9\u03c3\u03b7 \u03c0\u03c1\u03bf\u03c4\u03b5\u03af\u03bd\u03b5\u03c4\u03b1\u03b9 \u03c0\u03bb\u03ad\u03bf\u03bd \u03b1\u03bd\u03c4\u03af \u03b3\u03b9\u03b1 \u03be\u03cd\u03bb\u03bf \u03c4\u03cc\u03c3\u03bf \u03bb\u03cc\u03b3\u03c9 \u03c4\u03b7\u03c2 \u03c4\u03b9\u03bc\u03ae\u03c2 \u03cc\u03c3\u03bf \u03ba\u03b1\u03b9 \u03c4\u03b7\u03c2 \u03ba\u03bf\u03c1\u03c5\u03c6\u03b1\u03af\u03b1\u03c2 \u03c0\u03bf\u03b9\u03cc\u03c4\u03b7\u03c4\u03b1\u03c2 \u03ba\u03b1\u03b8\u03ce\u03c2 \u03b4\u03b5\u03bd \u03c7\u03c1\u03b5\u03b9\u03ac\u03b6\u03b5\u03c4\u03b1\u03b9 \u03c4\u03b7 \u03c3\u03c5\u03bd\u03c4\u03ae\u03c1\u03b7\u03c3\u03b7 \u03c0\u03bf\u03c5 \u03c7\u03c1\u03b5\u03b9\u03ac\u03b6\u03b5\u03c4\u03b1\u03b9 \u03c4\u03bf \u03be\u03cd\u03bb\u03bf.  \u0397 \u03c3\u03c5\u03bd\u03b8\u03b5\u03c4\u03b9\u03ba\u03ae \u03c0\u03b5\u03c1\u03af\u03c6\u03c1\u03b1\u03be\u03b7 \u03b5\u03af\u03bd\u03b1\u03b9 \u03c4\u03bf \u03bc\u03ad\u03bb\u03bb\u03bf\u03bd \u03c3\u03c4\u03bf \u03c7\u03ce\u03c1\u03bf \u03c4\u03b7\u03c2 \u03ba\u03b1\u03b9 \u03cc\u03bb\u03bf \u03ba\u03b1\u03b9 \u03c0\u03b5\u03c1\u03b9\u03c3\u03c3\u03cc\u03c4\u03b5\u03c1\u03bf \u201c\u03ba\u03b1\u03c4\u03b1\u03bb\u03b1\u03bc\u03b2\u03ac\u03bd\u03b5\u03b9 \u03c4\u03b9\u03c2 \u03ba\u03b1\u03c1\u03b4\u03b9\u03ad\u03c2\u201d \u03c4\u03cc\u03c3\u03bf \u03c4\u03c9\u03bd \u03b5\u03c0\u03b1\u03b3\u03b3\u03b5\u03bb\u03bc\u03b1\u03c4\u03b9\u03ce\u03bd \u03cc\u03c3\u03bf \u03ba\u03b1\u03b9 \u03c4\u03c9\u03bd \u03b9\u03b4\u03b9\u03c9\u03c4\u03ce\u03bd.","og_url":"https:\/\/alfawood.gr\/sq\/produkt\/wpc-3d-perifraxi-kafe-wp04","og_site_name":"\u0395\u03c0\u03b9\u03c6\u03ac\u03bd\u03b5\u03b9\u03b5\u03c2 \u039c\u03b5\u03bb\u03b1\u03bc\u03af\u03bd\u03b7\u03c2 MDF \u039c\u03bf\u03c1\u03b9\u03bf\u03c3\u03b1\u03bd\u03af\u03b4\u03b1 \u03a0\u03ac\u03b3\u03ba\u03bf\u03b9 \u0394\u03ac\u03c0\u03b5\u03b4\u03b1 \u03a0\u03cc\u03c1\u03c4\u03b5\u03c2","article_publisher":"https:\/\/www.facebook.com\/alfawood.group","article_modified_time":"2026-04-02T11:42:54+00:00","og_image":[{"width":600,"height":824,"url":"https:\/\/alfawood.gr\/wp-content\/uploads\/2026\/04\/WPC-3D-WP04-PERIFRAKSI.jpg","type":"image\/jpeg"}],"twitter_card":"summary_large_image","twitter_site":"@ALFAWOODGROUP","twitter_misc":{"Est. reading time":"1 minut\u00eb"},"schema":{"@context":"https:\/\/schema.org","@graph":[{"@type":"WebPage","@id":"https:\/\/alfawood.gr\/product\/wpc-3d-perifraxi-kafe-wp04\/","url":"https:\/\/alfawood.gr\/product\/wpc-3d-perifraxi-kafe-wp04\/","name":"WPC-3D \u03a0\u03b5\u03c1\u03af\u03c6\u03c1\u03b1\u03be\u03b7 \u039a\u03b1\u03c6\u03ad WP04 - \u0395\u03c0\u03b9\u03c6\u03ac\u03bd\u03b5\u03b9\u03b5\u03c2 \u039c\u03b5\u03bb\u03b1\u03bc\u03af\u03bd\u03b7\u03c2 MDF \u039c\u03bf\u03c1\u03b9\u03bf\u03c3\u03b1\u03bd\u03af\u03b4\u03b1 \u03a0\u03ac\u03b3\u03ba\u03bf\u03b9 \u0394\u03ac\u03c0\u03b5\u03b4\u03b1 \u03a0\u03cc\u03c1\u03c4\u03b5\u03c2","isPartOf":{"@id":"https:\/\/alfawood.gr\/#website"},"primaryImageOfPage":{"@id":"https:\/\/alfawood.gr\/product\/wpc-3d-perifraxi-kafe-wp04\/#primaryimage"},"image":{"@id":"https:\/\/alfawood.gr\/product\/wpc-3d-perifraxi-kafe-wp04\/#primaryimage"},"thumbnailUrl":"https:\/\/alfawood.gr\/wp-content\/uploads\/2026\/04\/WPC-3D-WP04-PERIFRAKSI.jpg","datePublished":"2026-04-02T11:42:00+00:00","dateModified":"2026-04-02T11:42:54+00:00","breadcrumb":{"@id":"https:\/\/alfawood.gr\/product\/wpc-3d-perifraxi-kafe-wp04\/#breadcrumb"},"inLanguage":"sq","potentialAction":[{"@type":"ReadAction","target":["https:\/\/alfawood.gr\/product\/wpc-3d-perifraxi-kafe-wp04\/"]}]},{"@type":"ImageObject","inLanguage":"sq","@id":"https:\/\/alfawood.gr\/product\/wpc-3d-perifraxi-kafe-wp04\/#primaryimage","url":"https:\/\/alfawood.gr\/wp-content\/uploads\/2026\/04\/WPC-3D-WP04-PERIFRAKSI.jpg","contentUrl":"https:\/\/alfawood.gr\/wp-content\/uploads\/2026\/04\/WPC-3D-WP04-PERIFRAKSI.jpg","width":600,"height":824,"caption":"WPC-3D-WP04-PERIFRAKSI"},{"@type":"BreadcrumbList","@id":"https:\/\/alfawood.gr\/product\/wpc-3d-perifraxi-kafe-wp04\/#breadcrumb","itemListElement":[{"@type":"ListItem","position":1,"name":"Home","item":"https:\/\/alfawood.gr\/"},{"@type":"ListItem","position":2,"name":"\u03a0\u03c1\u03bf\u03ca\u03cc\u03bd\u03c4\u03b1","item":"https:\/\/alfawood.gr\/proionta-wood\/"},{"@type":"ListItem","position":3,"name":"\u0394\u03ac\u03c0\u03b5\u03b4\u03b1 - Alfa Flooring","item":"https:\/\/alfawood.gr\/category\/dapeda\/"},{"@type":"ListItem","position":4,"name":"WPC-3D \u03a0\u03b5\u03c1\u03af\u03c6\u03c1\u03b1\u03be\u03b7 \u039a\u03b1\u03c6\u03ad WP04"}]},{"@type":"WebSite","@id":"https:\/\/alfawood.gr\/#website","url":"https:\/\/alfawood.gr\/","name":"Sip\u00ebrfaqe melamine MDF banak\u00eb p\u00ebr pllaka Dyer","description":"Alfa Wood Group Industria e drurit","publisher":{"@id":"https:\/\/alfawood.gr\/#organization"},"alternateName":"Melamines - MDF - Laminate - Worktops","potentialAction":[{"@type":"SearchAction","target":{"@type":"EntryPoint","urlTemplate":"https:\/\/alfawood.gr\/?s={search_term_string}"},"query-input":{"@type":"PropertyValueSpecification","valueRequired":true,"valueName":"search_term_string"}}],"inLanguage":"sq"},{"@type":"Organization","@id":"https:\/\/alfawood.gr\/#organization","name":"Alfa Wood Group","url":"https:\/\/alfawood.gr\/","logo":{"@type":"ImageObject","inLanguage":"sq","@id":"https:\/\/alfawood.gr\/#\/schema\/logo\/image\/","url":"https:\/\/alfawood.gr\/wp-content\/uploads\/2023\/02\/alfa-wood-logo-1.svg","contentUrl":"https:\/\/alfawood.gr\/wp-content\/uploads\/2023\/02\/alfa-wood-logo-1.svg","width":305,"height":195,"caption":"Alfa Wood Group"},"image":{"@id":"https:\/\/alfawood.gr\/#\/schema\/logo\/image\/"},"sameAs":["https:\/\/www.facebook.com\/alfawood.group","https:\/\/x.com\/ALFAWOODGROUP","https:\/\/www.instagram.com\/alfawood.group","https:\/\/www.youtube.com\/@alfawoodgroup","https:\/\/www.tiktok.com\/@alfawood.group","https:\/\/vimeo.com\/alfawood","https:\/\/www.linkedin.com\/company\/alfawoodgroup","https:\/\/www.pinterest.com\/alfawoodgroup\/"]}]}},"_links":{"self":[{"href":"https:\/\/alfawood.gr\/sq\/wp-json\/wp\/v2\/product\/28762","targetHints":{"allow":["GET"]}}],"collection":[{"href":"https:\/\/alfawood.gr\/sq\/wp-json\/wp\/v2\/product"}],"about":[{"href":"https:\/\/alfawood.gr\/sq\/wp-json\/wp\/v2\/types\/product"}],"version-history":[{"count":1,"href":"https:\/\/alfawood.gr\/sq\/wp-json\/wp\/v2\/product\/28762\/revisions"}],"predecessor-version":[{"id":28763,"href":"https:\/\/alfawood.gr\/sq\/wp-json\/wp\/v2\/product\/28762\/revisions\/28763"}],"wp:featuredmedia":[{"embeddable":true,"href":"https:\/\/alfawood.gr\/sq\/wp-json\/wp\/v2\/media\/28759"}],"wp:attachment":[{"href":"https:\/\/alfawood.gr\/sq\/wp-json\/wp\/v2\/media?parent=28762"}],"wp:term":[{"taxonomy":"product_brand","embeddable":true,"href":"https:\/\/alfawood.gr\/sq\/wp-json\/wp\/v2\/product_brand?post=28762"},{"taxonomy":"product_cat","embeddable":true,"href":"https:\/\/alfawood.gr\/sq\/wp-json\/wp\/v2\/product_cat?post=28762"},{"taxonomy":"product_tag","embeddable":true,"href":"https:\/\/alfawood.gr\/sq\/wp-json\/wp\/v2\/product_tag?post=28762"}],"curies":[{"name":"wp","href":"https:\/\/api.w.org\/{rel}","templated":true}]}}